{"id":61,"date":"2022-03-14T11:44:49","date_gmt":"2022-03-14T10:44:49","guid":{"rendered":"https:\/\/apglobalexports.com\/?page_id=61"},"modified":"2022-03-23T11:53:35","modified_gmt":"2022-03-23T10:53:35","slug":"politica-de-cookies","status":"publish","type":"page","link":"https:\/\/apglobalexports.com\/es\/politica-de-cookies\/","title":{"rendered":"Pol\u00edtica de Cookies"},"content":{"rendered":"\t\t<div data-elementor-type=\"wp-page\" data-elementor-id=\"61\" class=\"elementor elementor-61\" data-elementor-post-type=\"page\">\n\t\t\t\t\t\t<section class=\"elementor-section elementor-top-section elementor-element elementor-element-e85f48f elementor-section-boxed elementor-section-height-default elementor-section-height-default\" data-id=\"e85f48f\" data-element_type=\"section\" data-e-type=\"section\">\n\t\t\t\t\t\t<div class=\"elementor-container elementor-column-gap-default\">\n\t\t\t\t\t<div class=\"elementor-column elementor-col-100 elementor-top-column elementor-element elementor-element-d47304f\" data-id=\"d47304f\" data-element_type=\"column\" data-e-type=\"column\">\n\t\t\t<div class=\"elementor-widget-wrap elementor-element-populated\">\n\t\t\t\t\t\t<div class=\"elementor-element elementor-element-82bbe99 elementor-widget elementor-widget-heading\" data-id=\"82bbe99\" data-element_type=\"widget\" data-e-type=\"widget\" data-widget_type=\"heading.default\">\n\t\t\t\t<div class=\"elementor-widget-container\">\n\t\t\t\t\t<h1 class=\"elementor-heading-title elementor-size-default\">Pol\u00edtica de Cookies<\/h1>\t\t\t\t<\/div>\n\t\t\t\t<\/div>\n\t\t\t\t<div class=\"elementor-element elementor-element-ac26744 elementor-widget elementor-widget-text-editor\" data-id=\"ac26744\" data-element_type=\"widget\" data-e-type=\"widget\" data-widget_type=\"text-editor.default\">\n\t\t\t\t<div class=\"elementor-widget-container\">\n\t\t\t\t\t\t\t\t\t<p>Una cookie es un peque\u00f1o fichero de texto que se almacena en su navegador cuando visita casi cualquier p\u00e1gina web. Su utilidad es que la web sea capaz de recordar su visita cuando vuelva a navegar por esa p\u00e1gina. Las cookies suelen almacenar informaci\u00f3n de car\u00e1cter t\u00e9cnico, preferencias personales, personalizaci\u00f3n de contenidos, estad\u00edsticas de uso, enlaces a redes sociales, acceso a cuentas de usuario, etc. El objetivo de la cookie es adaptar el contenido de la web a su perfil y necesidades, sin cookies los servicios ofrecidos por cualquier p\u00e1gina se ver\u00edan mermados notablemente.<\/p><p><strong>M\u00e1s informaci\u00f3n sobre las cookies<\/strong><\/p><p><strong>\u00bfQu\u00e9 es una cookie?<\/strong><\/p><p>Una cookie es un fichero de texto inofensivo que se almacena en su navegador cuando visita casi cualquier p\u00e1gina web. La utilidad de la cookie es que la web sea capaz de recordar su visita cuando vuelva a navegar por esa p\u00e1gina. Aunque mucha gente no lo sabe las cookies se llevan utilizando desde hace 20 a\u00f1os, cuando aparecieron los primeros navegadores para la World Wide Web.<\/p><p><strong>\u00bfQu\u00e9 no es una cookie?<\/strong><\/p><p>No es un virus, ni un troyano, ni un gusano, ni spam, ni spyware, ni abre ventanas pop-up.<\/p><p><strong>\u00bfQu\u00e9 informaci\u00f3n almacena una cookie?<\/strong><\/p><p>Las cookies no suelen almacenar informaci\u00f3n sensible sobre usted, como tarjetas de cr\u00e9dito o datos bancarios, fotograf\u00edas, su DNI o informaci\u00f3n personal, etc. Los datos que guardan son de car\u00e1cter t\u00e9cnico, preferencias personales, personalizaci\u00f3n de contenidos, etc.<\/p><p>El servidor web no le asocia a usted como persona si no a su navegador web. De hecho, si usted navega habitualmente con Internet Explorer y prueba a navegar por la misma web con Firefox o Chrome ver\u00e1 que la web no se da cuenta que es usted la misma persona porque en realidad est\u00e1 asociando al navegador, no a la persona.<\/p><p><strong>\u00bfQu\u00e9 tipo de cookies existen?<\/strong><\/p><ul><li><strong>Cookies t\u00e9cnicas:<\/strong> Son las m\u00e1s elementales y permiten, entre otras cosas, saber cu\u00e1ndo est\u00e1 navegando un humano o una aplicaci\u00f3n automatizada, cu\u00e1ndo navega un usuario an\u00f3nimo y uno registrado, tareas b\u00e1sicas para el funcionamiento de cualquier web din\u00e1mica.<\/li><li><strong>Cookies de an\u00e1lisis:<\/strong> Recogen informaci\u00f3n sobre el tipo de navegaci\u00f3n que est\u00e1 realizando, las secciones que m\u00e1s utiliza, productos consultados, franja horaria de uso, idioma, etc.<\/li><li><strong>Cookies publicitarias:<\/strong> Muestran publicidad en funci\u00f3n de su navegaci\u00f3n, su pa\u00eds de procedencia, idioma, etc.<\/li><\/ul><p><strong>\u00bfQu\u00e9 son las cookies propias y las de terceros?<\/strong><\/p><p>Las cookies propias son las generadas por la p\u00e1gina que est\u00e1 visitando y las de terceros son las generadas por servicios o proveedores externos como Facebook, Twitter, Google, etc.<\/p><p><strong>\u00bfQu\u00e9 ocurre si desactivo las cookies?<\/strong><\/p><p>Para que entienda el alcance que puede tener desactivar las cookies le mostramos unos ejemplos:<\/p><ul><li>No podr\u00e1 compartir contenidos de esa web en Facebook, Twitter o cualquier otra red social.<\/li><li>El sitio web no podr\u00e1 adaptar los contenidos a sus preferencias personales, como suele ocurrir en las tiendas online.<\/li><li>No podr\u00e1 acceder al \u00e1rea personal de esa web, como por ejemplo Mi cuenta, o Mi perfil o Mis pedidos.<\/li><li>Tiendas online: Le ser\u00e1 imposible realizar compras online, tendr\u00e1n que ser telef\u00f3nicas o visitando la tienda f\u00edsica si es que dispone de ella.<\/li><li>No ser\u00e1 posible personalizar sus preferencias geogr\u00e1ficas como franja horaria, divisa o idioma.<\/li><li>El sitio web no podr\u00e1 realizar anal\u00edticas web sobre visitantes y tr\u00e1fico en la web, lo que dificultar\u00e1 que la web sea competitiva.<\/li><li>No podr\u00e1 escribir en el blog, no podr\u00e1 subir fotos, publicar comentarios, valorar o puntuar contenidos. La web tampoco podr\u00e1 saber si usted es un humano o una aplicaci\u00f3n automatizada que publica spam.<\/li><li>No se podr\u00e1 mostrar publicidad sectorizada, lo que reducir\u00e1 los ingresos publicitarios de la web.<\/li><li>Todas las redes sociales usan cookies, si las desactiva no podr\u00e1 utilizar ninguna red social.<\/li><\/ul><p><strong>\u00bfSe pueden eliminar y\/o bloquear las cookies?<\/strong><\/p><p>S\u00ed, se pueden eliminar y bloquear las cookies. A continuaci\u00f3n, facilitamos enlaces a las configuraciones de los navegadores m\u00e1s utilizados para que pueda proceder seg\u00fan sus preferencias:<\/p><ul><li><a href=\"https:\/\/support.google.com\/chrome\/answer\/95647?hl=es-419\" target=\"_blank\" rel=\"noopener\">Google Chrome<\/a><\/li><li><a href=\"https:\/\/support.mozilla.org\/es\/kb\/proteccion-de-rastreo-mejorada-en-firefox-para-esc\" target=\"_blank\" rel=\"noopener\">Mozilla Firefox<\/a><\/li><li><a href=\"https:\/\/support.apple.com\/es-es\/HT201265\" target=\"_blank\" rel=\"noopener\">Safari<\/a><\/li><li><a href=\"https:\/\/support.microsoft.com\/es-es\/microsoft-edge\/eliminar-las-cookies-en-microsoft-edge-63947406-40ac-c3b8-57b9-2a946a29ae09\" target=\"_blank\" rel=\"noopener\">Microsoft Edge<\/a><\/li><li><a href=\"https:\/\/support.microsoft.com\/es-es\/topic\/eliminar-y-administrar-cookies-168dab11-0753-043d-7c16-ede5947fc64d\" target=\"_blank\" rel=\"noopener\">Internet Explorer<\/a><\/li><\/ul><p><strong>Cookies utilizadas en este sitio web<\/strong><\/p><p>Siguiendo las directrices de la Agencia Espa\u00f1ola de Protecci\u00f3n de Datos procedemos a detallar el uso de cookies que hace esta web con el fin de informarle con la m\u00e1xima exactitud posible.<\/p><p>Este sitio web utiliza las siguientes <strong>cookies de terceros<\/strong>:<\/p><ul><li><strong>Google Analytics:<\/strong> Almacena cookies para poder elaborar estad\u00edsticas sobre el tr\u00e1fico y volumen de visitas de esta web, as\u00ed como del idioma utilizado. Al utilizar este sitio web est\u00e1 consintiendo el tratamiento de informaci\u00f3n acerca de usted por Google. Por tanto, el ejercicio de cualquier derecho en este sentido deber\u00e1 hacerlo comunicando directamente con Google. (<strong>e.: -APISID, CONSENT, HSID, NID, SID, _ga, _gat)<\/strong><\/li><li><strong>Cookies de redes sociales: <\/strong>Los posibles \u201c<strong>Plugins sociales<\/strong>\u201d no est\u00e1n integrados en nuestro portal, sino solo a trav\u00e9s de un v\u00ednculo HTML (llamado \u00abcomplemento shariff\u00bb). Con esto se garantiza que no se crear\u00e1 una conexi\u00f3n al servicio del proveedor de redes sociales solo por usar nuestro sitio web. Al hacer clic en el bot\u00f3n de una red social de nuestra web, se abrir\u00e1 una nueva ventana y un acceso a la p\u00e1gina del proveedor de servicios. Para los derechos y opciones de configuraci\u00f3n relacionados con proteger su privacidad, consulte las pol\u00edticas de privacidad de datos de los proveedores.<\/li><li>Desactivaci\u00f3n o eliminaci\u00f3n de cookies<\/li><\/ul><p>Este sitio web pone a disposici\u00f3n de los usuarios un formulario de f\u00e1cil acceso para poder activar o desactivar las cookies utilizadas por nosotros seg\u00fan las preferencias personales del usuario en cualquier momento.<\/p><p>Por otra parte, respecto a los complementos de entidades externas (como por ejemplo los servicios de Google Inc.) utilizados en nuestro portal web recomendamos a todos los usuarios que accedan a las pol\u00edticas de privacidad de cada proveedor de los servicios para que obtenga mayor informaci\u00f3n <a href=\"http:\/\/www.google.es\/intl\/es\/policies\/privacy\/\" target=\"_blank\" rel=\"noopener\">http:\/\/www.google.es\/intl\/es\/policies\/privacy\/<\/a><\/p><p><strong>Notas adicionales <br \/><\/strong><\/p><ul><li>Ni esta web ni sus representantes legales se hacen responsables ni del contenido ni de la veracidad de las pol\u00edticas de privacidad que puedan tener los terceros mencionados en esta pol\u00edtica de cookies.<\/li><li>Los navegadores web son las herramientas encargadas de almacenar las cookies y desde este lugar debe efectuar su derecho a eliminaci\u00f3n o desactivaci\u00f3n de las mismas. Ni esta web ni sus representantes legales pueden garantizar la correcta o incorrecta manipulaci\u00f3n de las cookies por parte de los mencionados navegadores.<\/li><li>En algunos casos es necesario instalar cookies para que el navegador no olvide su decisi\u00f3n de no aceptaci\u00f3n de las mismas.<\/li><li>En el caso de las cookies de Google Analytics, esta empresa almacena las cookies en servidores ubicados en Estados Unidos y se compromete a no compartirla con terceros, excepto en los casos en los que sea necesario para el funcionamiento del sistema o cuando la ley obligue a tal efecto. Seg\u00fan Google no guarda su direcci\u00f3n IP. Google Inc. es una compa\u00f1\u00eda adherida al Acuerdo de Puerto Seguro que garantiza que todos los datos transferidos ser\u00e1n tratados con un nivel de protecci\u00f3n acorde a la normativa europea.<\/li><li>Para cualquier duda o consulta acerca de esta pol\u00edtica de cookies no dude en comunicarse con nosotros a trav\u00e9s de la secci\u00f3n de contacto.<\/li><\/ul>\t\t\t\t\t\t\t\t<\/div>\n\t\t\t\t<\/div>\n\t\t\t\t\t<\/div>\n\t\t<\/div>\n\t\t\t\t\t<\/div>\n\t\t<\/section>\n\t\t\t\t<\/div>\n\t\t","protected":false},"excerpt":{"rendered":"<p>Una cookie es un peque\u00f1o fichero de texto que se almacena en su navegador cuando visita casi cualquier p\u00e1gina web. Su utilidad es que la web sea capaz de recordar su visita cuando vuelva a navegar por esa p\u00e1gina. Las cookies suelen almacenar informaci\u00f3n de car\u00e1cter t\u00e9cnico, preferencias personales, personalizaci\u00f3n de contenidos, estad\u00edsticas de uso, [&hellip;]<\/p>\n","protected":false},"author":1,"featured_media":0,"parent":0,"menu_order":99,"comment_status":"closed","ping_status":"closed","template":"","meta":{"footnotes":""},"class_list":["post-61","page","type-page","status-publish","hentry"],"yoast_head":"<!-- This site is optimized with the Yoast SEO plugin v27.3 - https:\/\/yoast.com\/product\/yoast-seo-wordpress\/ -->\n<title>Pol\u00edtica de Cookies - Alpha Phoenix<\/title>\n<meta name=\"robots\" content=\"noindex, nofollow\" \/>\n<meta property=\"og:locale\" content=\"es_ES\" \/>\n<meta property=\"og:type\" content=\"article\" \/>\n<meta property=\"og:title\" content=\"Pol\u00edtica de Cookies - Alpha Phoenix\" \/>\n<meta property=\"og:description\" content=\"Una cookie es un peque\u00f1o fichero de texto que se almacena en su navegador cuando visita casi cualquier p\u00e1gina web. Su utilidad es que la web sea capaz de recordar su visita cuando vuelva a navegar por esa p\u00e1gina. Las cookies suelen almacenar informaci\u00f3n de car\u00e1cter t\u00e9cnico, preferencias personales, personalizaci\u00f3n de contenidos, estad\u00edsticas de uso, [&hellip;]\" \/>\n<meta property=\"og:url\" content=\"https:\/\/apglobalexports.com\/es\/politica-de-cookies\/\" \/>\n<meta property=\"og:site_name\" content=\"Alpha Phoenix\" \/>\n<meta property=\"article:publisher\" content=\"https:\/\/www.facebook.com\/Alpha-Phoenix-Global-Export-105436482094483\" \/>\n<meta property=\"article:modified_time\" content=\"2022-03-23T10:53:35+00:00\" \/>\n<meta property=\"og:image\" content=\"https:\/\/apglobalexports.com\/wp-content\/uploads\/2022\/04\/alphaphoenix.jpg\" \/>\n\t<meta property=\"og:image:width\" content=\"500\" \/>\n\t<meta property=\"og:image:height\" content=\"500\" \/>\n\t<meta property=\"og:image:type\" content=\"image\/jpeg\" \/>\n<meta name=\"twitter:card\" content=\"summary_large_image\" \/>\n<meta name=\"twitter:label1\" content=\"Tiempo de lectura\" \/>\n\t<meta name=\"twitter:data1\" content=\"6 minutos\" \/>\n<script type=\"application\/ld+json\" class=\"yoast-schema-graph\">{\"@context\":\"https:\\\/\\\/schema.org\",\"@graph\":[{\"@type\":\"WebPage\",\"@id\":\"https:\\\/\\\/apglobalexports.com\\\/es\\\/politica-de-cookies\\\/\",\"url\":\"https:\\\/\\\/apglobalexports.com\\\/es\\\/politica-de-cookies\\\/\",\"name\":\"Pol\u00edtica de Cookies - Alpha Phoenix\",\"isPartOf\":{\"@id\":\"https:\\\/\\\/apglobalexports.com\\\/es\\\/#website\"},\"datePublished\":\"2022-03-14T10:44:49+00:00\",\"dateModified\":\"2022-03-23T10:53:35+00:00\",\"breadcrumb\":{\"@id\":\"https:\\\/\\\/apglobalexports.com\\\/es\\\/politica-de-cookies\\\/#breadcrumb\"},\"inLanguage\":\"es\",\"potentialAction\":[{\"@type\":\"ReadAction\",\"target\":[\"https:\\\/\\\/apglobalexports.com\\\/es\\\/politica-de-cookies\\\/\"]}]},{\"@type\":\"BreadcrumbList\",\"@id\":\"https:\\\/\\\/apglobalexports.com\\\/es\\\/politica-de-cookies\\\/#breadcrumb\",\"itemListElement\":[{\"@type\":\"ListItem\",\"position\":1,\"name\":\"Home\",\"item\":\"https:\\\/\\\/apglobalexports.com\\\/es\\\/\"},{\"@type\":\"ListItem\",\"position\":2,\"name\":\"Pol\u00edtica de Cookies\"}]},{\"@type\":\"WebSite\",\"@id\":\"https:\\\/\\\/apglobalexports.com\\\/es\\\/#website\",\"url\":\"https:\\\/\\\/apglobalexports.com\\\/es\\\/\",\"name\":\"Alpha Phoenix\",\"description\":\"\",\"publisher\":{\"@id\":\"https:\\\/\\\/apglobalexports.com\\\/es\\\/#organization\"},\"potentialAction\":[{\"@type\":\"SearchAction\",\"target\":{\"@type\":\"EntryPoint\",\"urlTemplate\":\"https:\\\/\\\/apglobalexports.com\\\/es\\\/?s={search_term_string}\"},\"query-input\":{\"@type\":\"PropertyValueSpecification\",\"valueRequired\":true,\"valueName\":\"search_term_string\"}}],\"inLanguage\":\"es\"},{\"@type\":\"Organization\",\"@id\":\"https:\\\/\\\/apglobalexports.com\\\/es\\\/#organization\",\"name\":\"Alpha Phoenix\",\"url\":\"https:\\\/\\\/apglobalexports.com\\\/es\\\/\",\"logo\":{\"@type\":\"ImageObject\",\"inLanguage\":\"es\",\"@id\":\"https:\\\/\\\/apglobalexports.com\\\/es\\\/#\\\/schema\\\/logo\\\/image\\\/\",\"url\":\"https:\\\/\\\/apglobalexports.com\\\/wp-content\\\/uploads\\\/2022\\\/03\\\/alphaphoenix.jpg\",\"contentUrl\":\"https:\\\/\\\/apglobalexports.com\\\/wp-content\\\/uploads\\\/2022\\\/03\\\/alphaphoenix.jpg\",\"width\":500,\"height\":500,\"caption\":\"Alpha Phoenix\"},\"image\":{\"@id\":\"https:\\\/\\\/apglobalexports.com\\\/es\\\/#\\\/schema\\\/logo\\\/image\\\/\"},\"sameAs\":[\"https:\\\/\\\/www.facebook.com\\\/Alpha-Phoenix-Global-Export-105436482094483\",\"https:\\\/\\\/www.linkedin.com\\\/in\\\/carloslopezrubio\"]}]}<\/script>\n<!-- \/ Yoast SEO plugin. -->","yoast_head_json":{"title":"Pol\u00edtica de Cookies - Alpha Phoenix","robots":{"index":"noindex","follow":"nofollow"},"og_locale":"es_ES","og_type":"article","og_title":"Pol\u00edtica de Cookies - Alpha Phoenix","og_description":"Una cookie es un peque\u00f1o fichero de texto que se almacena en su navegador cuando visita casi cualquier p\u00e1gina web. Su utilidad es que la web sea capaz de recordar su visita cuando vuelva a navegar por esa p\u00e1gina. Las cookies suelen almacenar informaci\u00f3n de car\u00e1cter t\u00e9cnico, preferencias personales, personalizaci\u00f3n de contenidos, estad\u00edsticas de uso, [&hellip;]","og_url":"https:\/\/apglobalexports.com\/es\/politica-de-cookies\/","og_site_name":"Alpha Phoenix","article_publisher":"https:\/\/www.facebook.com\/Alpha-Phoenix-Global-Export-105436482094483","article_modified_time":"2022-03-23T10:53:35+00:00","og_image":[{"width":500,"height":500,"url":"https:\/\/apglobalexports.com\/wp-content\/uploads\/2022\/04\/alphaphoenix.jpg","type":"image\/jpeg"}],"twitter_card":"summary_large_image","twitter_misc":{"Tiempo de lectura":"6 minutos"},"schema":{"@context":"https:\/\/schema.org","@graph":[{"@type":"WebPage","@id":"https:\/\/apglobalexports.com\/es\/politica-de-cookies\/","url":"https:\/\/apglobalexports.com\/es\/politica-de-cookies\/","name":"Pol\u00edtica de Cookies - Alpha Phoenix","isPartOf":{"@id":"https:\/\/apglobalexports.com\/es\/#website"},"datePublished":"2022-03-14T10:44:49+00:00","dateModified":"2022-03-23T10:53:35+00:00","breadcrumb":{"@id":"https:\/\/apglobalexports.com\/es\/politica-de-cookies\/#breadcrumb"},"inLanguage":"es","potentialAction":[{"@type":"ReadAction","target":["https:\/\/apglobalexports.com\/es\/politica-de-cookies\/"]}]},{"@type":"BreadcrumbList","@id":"https:\/\/apglobalexports.com\/es\/politica-de-cookies\/#breadcrumb","itemListElement":[{"@type":"ListItem","position":1,"name":"Home","item":"https:\/\/apglobalexports.com\/es\/"},{"@type":"ListItem","position":2,"name":"Pol\u00edtica de Cookies"}]},{"@type":"WebSite","@id":"https:\/\/apglobalexports.com\/es\/#website","url":"https:\/\/apglobalexports.com\/es\/","name":"Alpha Phoenix","description":"","publisher":{"@id":"https:\/\/apglobalexports.com\/es\/#organization"},"potentialAction":[{"@type":"SearchAction","target":{"@type":"EntryPoint","urlTemplate":"https:\/\/apglobalexports.com\/es\/?s={search_term_string}"},"query-input":{"@type":"PropertyValueSpecification","valueRequired":true,"valueName":"search_term_string"}}],"inLanguage":"es"},{"@type":"Organization","@id":"https:\/\/apglobalexports.com\/es\/#organization","name":"Alpha Phoenix","url":"https:\/\/apglobalexports.com\/es\/","logo":{"@type":"ImageObject","inLanguage":"es","@id":"https:\/\/apglobalexports.com\/es\/#\/schema\/logo\/image\/","url":"https:\/\/apglobalexports.com\/wp-content\/uploads\/2022\/03\/alphaphoenix.jpg","contentUrl":"https:\/\/apglobalexports.com\/wp-content\/uploads\/2022\/03\/alphaphoenix.jpg","width":500,"height":500,"caption":"Alpha Phoenix"},"image":{"@id":"https:\/\/apglobalexports.com\/es\/#\/schema\/logo\/image\/"},"sameAs":["https:\/\/www.facebook.com\/Alpha-Phoenix-Global-Export-105436482094483","https:\/\/www.linkedin.com\/in\/carloslopezrubio"]}]}},"_links":{"self":[{"href":"https:\/\/apglobalexports.com\/es\/wp-json\/wp\/v2\/pages\/61","targetHints":{"allow":["GET"]}}],"collection":[{"href":"https:\/\/apglobalexports.com\/es\/wp-json\/wp\/v2\/pages"}],"about":[{"href":"https:\/\/apglobalexports.com\/es\/wp-json\/wp\/v2\/types\/page"}],"author":[{"embeddable":true,"href":"https:\/\/apglobalexports.com\/es\/wp-json\/wp\/v2\/users\/1"}],"replies":[{"embeddable":true,"href":"https:\/\/apglobalexports.com\/es\/wp-json\/wp\/v2\/comments?post=61"}],"version-history":[{"count":0,"href":"https:\/\/apglobalexports.com\/es\/wp-json\/wp\/v2\/pages\/61\/revisions"}],"wp:attachment":[{"href":"https:\/\/apglobalexports.com\/es\/wp-json\/wp\/v2\/media?parent=61"}],"curies":[{"name":"wp","href":"https:\/\/api.w.org\/{rel}","templated":true}]}}